{"id":470,"date":"2021-03-30T09:59:18","date_gmt":"2021-03-30T07:59:18","guid":{"rendered":"https:\/\/castelldelo.com\/?page_id=470"},"modified":"2025-02-05T14:40:07","modified_gmt":"2025-02-05T13:40:07","slug":"contact-hotel-castell-de-lo","status":"publish","type":"page","link":"https:\/\/castelldelo.com\/en\/contact-hotel-castell-de-lo\/","title":{"rendered":"Contact Hostal Castell de L\u00f4"},"content":{"rendered":"\t\t<div data-elementor-type=\"wp-page\" data-elementor-id=\"470\" class=\"elementor elementor-470\" data-elementor-post-type=\"page\">\n\t\t\t\t\t\t<section class=\"elementor-section elementor-top-section elementor-element elementor-element-d770de4 elementor-section-height-min-height elementor-section-boxed elementor-section-height-default elementor-section-items-middle\" data-id=\"d770de4\" data-element_type=\"section\" data-e-type=\"section\" data-settings=\"{&quot;background_background&quot;:&quot;classic&quot;}\">\n\t\t\t\t\t\t\t<div class=\"elementor-background-overlay\"><\/div>\n\t\t\t\t\t\t\t<div class=\"elementor-container elementor-column-gap-default\">\n\t\t\t\t\t<div class=\"elementor-column elementor-col-100 elementor-top-column elementor-element elementor-element-09eaa26\" data-id=\"09eaa26\" data-element_type=\"column\" data-e-type=\"column\">\n\t\t\t<div class=\"elementor-widget-wrap elementor-element-populated\">\n\t\t\t\t\t\t<div class=\"elementor-element elementor-element-d35905b elementor-widget elementor-widget-heading\" data-id=\"d35905b\" data-element_type=\"widget\" data-e-type=\"widget\" data-widget_type=\"heading.default\">\n\t\t\t\t\t<h1 class=\"elementor-heading-title elementor-size-default\">Contact<\/h1>\t\t\t\t<\/div>\n\t\t\t\t<div class=\"elementor-element elementor-element-04a0055 elementor-widget elementor-widget-heading\" data-id=\"04a0055\" data-element_type=\"widget\" data-e-type=\"widget\" data-widget_type=\"heading.default\">\n\t\t\t\t\t<h2 class=\"elementor-heading-title elementor-size-default\">Hostal Castell de L\u00f4 - Cala Porter, Menorca<\/h2>\t\t\t\t<\/div>\n\t\t\t\t<div class=\"elementor-element elementor-element-1db5cf9 elementor-hidden-phone elementor-widget elementor-widget-shortcode\" data-id=\"1db5cf9\" data-element_type=\"widget\" data-e-type=\"widget\" data-widget_type=\"shortcode.default\">\n\t\t\t\t\t\t\t<div class=\"elementor-shortcode\">[av_calendar id=1]<\/div>\n\t\t\t\t\t\t<\/div>\n\t\t\t\t\t<\/div>\n\t\t<\/div>\n\t\t\t\t\t<\/div>\n\t\t<\/section>\n\t\t\t\t<section class=\"elementor-section elementor-top-section elementor-element elementor-element-0f20327 elementor-section-boxed elementor-section-height-default elementor-section-height-default\" data-id=\"0f20327\" data-element_type=\"section\" data-e-type=\"section\">\n\t\t\t\t\t\t<div class=\"elementor-container elementor-column-gap-default\">\n\t\t\t\t\t<div class=\"elementor-column elementor-col-100 elementor-top-column elementor-element elementor-element-d698120\" data-id=\"d698120\" data-element_type=\"column\" data-e-type=\"column\">\n\t\t\t<div class=\"elementor-widget-wrap elementor-element-populated\">\n\t\t\t\t\t\t<div class=\"elementor-element elementor-element-552a3cd elementor-widget elementor-widget-image\" data-id=\"552a3cd\" data-element_type=\"widget\" data-e-type=\"widget\" data-widget_type=\"image.default\">\n\t\t\t\t\t\t\t\t\t\t\t\t\t\t\t<img decoding=\"async\" src=\"https:\/\/castelldelo.com\/wp-content\/uploads\/bimbolla_logo_vertical_verde.png\" title=\"\" alt=\"\" loading=\"lazy\" \/>\t\t\t\t\t\t\t\t\t\t\t\t\t\t\t<\/div>\n\t\t\t\t<div class=\"elementor-element elementor-element-a111af3 elementor-widget elementor-widget-heading\" data-id=\"a111af3\" data-element_type=\"widget\" data-e-type=\"widget\" data-widget_type=\"heading.default\">\n\t\t\t\t\t<h3 class=\"elementor-heading-title elementor-size-default\">Hostel in Cala Porter, Menorca\n<\/h3>\t\t\t\t<\/div>\n\t\t\t\t<div class=\"elementor-element elementor-element-ac4c68e elementor-widget elementor-widget-heading\" data-id=\"ac4c68e\" data-element_type=\"widget\" data-e-type=\"widget\" data-widget_type=\"heading.default\">\n\t\t\t\t\t<h4 class=\"elementor-heading-title elementor-size-default\">At Castell de L\u00f4 we will be delighted to help you and offer you our best service.\n\n<\/h4>\t\t\t\t<\/div>\n\t\t\t\t<section class=\"elementor-section elementor-inner-section elementor-element elementor-element-bfbac04 elementor-section-boxed elementor-section-height-default elementor-section-height-default\" data-id=\"bfbac04\" data-element_type=\"section\" data-e-type=\"section\">\n\t\t\t\t\t\t<div class=\"elementor-container elementor-column-gap-default\">\n\t\t\t\t\t<div class=\"elementor-column elementor-col-33 elementor-inner-column elementor-element elementor-element-0bf3fa3\" data-id=\"0bf3fa3\" data-element_type=\"column\" data-e-type=\"column\">\n\t\t\t<div class=\"elementor-widget-wrap elementor-element-populated\">\n\t\t\t\t\t\t<div class=\"elementor-element elementor-element-7b8f15e elementor-view-default elementor-widget elementor-widget-icon\" data-id=\"7b8f15e\" data-element_type=\"widget\" data-e-type=\"widget\" data-widget_type=\"icon.default\">\n\t\t\t\t\t\t\t<div class=\"elementor-icon-wrapper\">\n\t\t\t<div class=\"elementor-icon\">\n\t\t\t<i aria-hidden=\"true\" class=\"eci  Iconos-3069613\"><\/i>\t\t\t<\/div>\n\t\t<\/div>\n\t\t\t\t\t\t<\/div>\n\t\t\t\t<div class=\"elementor-element elementor-element-be9b3c7 elementor-widget elementor-widget-heading\" data-id=\"be9b3c7\" data-element_type=\"widget\" data-e-type=\"widget\" data-widget_type=\"heading.default\">\n\t\t\t\t\t<p class=\"elementor-heading-title elementor-size-default\">Avinguda Central, 75,\n<\/br>Cala en Porter, Illes Balears <\/p>\t\t\t\t<\/div>\n\t\t\t\t\t<\/div>\n\t\t<\/div>\n\t\t\t\t<div class=\"elementor-column elementor-col-33 elementor-inner-column elementor-element elementor-element-50b81e2\" data-id=\"50b81e2\" data-element_type=\"column\" data-e-type=\"column\">\n\t\t\t<div class=\"elementor-widget-wrap elementor-element-populated\">\n\t\t\t\t\t\t<div class=\"elementor-element elementor-element-5d7c2e1 elementor-view-default elementor-widget elementor-widget-icon\" data-id=\"5d7c2e1\" data-element_type=\"widget\" data-e-type=\"widget\" data-widget_type=\"icon.default\">\n\t\t\t\t\t\t\t<div class=\"elementor-icon-wrapper\">\n\t\t\t<div class=\"elementor-icon\">\n\t\t\t<i aria-hidden=\"true\" class=\"eci  Iconos-email1\"><\/i>\t\t\t<\/div>\n\t\t<\/div>\n\t\t\t\t\t\t<\/div>\n\t\t\t\t<div class=\"elementor-element elementor-element-e2558e5 elementor-widget elementor-widget-heading\" data-id=\"e2558e5\" data-element_type=\"widget\" data-e-type=\"widget\" data-widget_type=\"heading.default\">\n\t\t\t\t\t<p class=\"elementor-heading-title elementor-size-default\">reserves@castelldelo.com<\/p>\t\t\t\t<\/div>\n\t\t\t\t\t<\/div>\n\t\t<\/div>\n\t\t\t\t<div class=\"elementor-column elementor-col-33 elementor-inner-column elementor-element elementor-element-34c0aef\" data-id=\"34c0aef\" data-element_type=\"column\" data-e-type=\"column\">\n\t\t\t<div class=\"elementor-widget-wrap elementor-element-populated\">\n\t\t\t\t\t\t<div class=\"elementor-element elementor-element-7b46131 elementor-view-default elementor-widget elementor-widget-icon\" data-id=\"7b46131\" data-element_type=\"widget\" data-e-type=\"widget\" data-widget_type=\"icon.default\">\n\t\t\t\t\t\t\t<div class=\"elementor-icon-wrapper\">\n\t\t\t<div class=\"elementor-icon\">\n\t\t\t<i aria-hidden=\"true\" class=\"eci  Iconos-phone1\"><\/i>\t\t\t<\/div>\n\t\t<\/div>\n\t\t\t\t\t\t<\/div>\n\t\t\t\t<div class=\"elementor-element elementor-element-b7484df elementor-widget elementor-widget-heading\" data-id=\"b7484df\" data-element_type=\"widget\" data-e-type=\"widget\" data-widget_type=\"heading.default\">\n\t\t\t\t\t<p class=\"elementor-heading-title elementor-size-default\"><a href=\"tel:+34620640039\"> +34 620 64 00 39<\/a><\/p>\t\t\t\t<\/div>\n\t\t\t\t<div class=\"elementor-element elementor-element-8f1e89d elementor-widget elementor-widget-heading\" data-id=\"8f1e89d\" data-element_type=\"widget\" data-e-type=\"widget\" data-widget_type=\"heading.default\">\n\t\t\t\t\t<p class=\"elementor-heading-title elementor-size-default\"><a href=\"tel:+34656857395\">+34 656 857 395<\/a><\/p>\t\t\t\t<\/div>\n\t\t\t\t\t<\/div>\n\t\t<\/div>\n\t\t\t\t\t<\/div>\n\t\t<\/section>\n\t\t\t\t\t<\/div>\n\t\t<\/div>\n\t\t\t\t\t<\/div>\n\t\t<\/section>\n\t\t\t\t<section class=\"elementor-section elementor-top-section elementor-element elementor-element-e04d1be elementor-section-full_width elementor-section-height-default elementor-section-height-default\" data-id=\"e04d1be\" data-element_type=\"section\" data-e-type=\"section\">\n\t\t\t\t\t\t<div class=\"elementor-container elementor-column-gap-no\">\n\t\t\t\t\t<div class=\"elementor-column elementor-col-100 elementor-top-column elementor-element elementor-element-a43fbee\" data-id=\"a43fbee\" data-element_type=\"column\" data-e-type=\"column\">\n\t\t\t<div class=\"elementor-widget-wrap elementor-element-populated\">\n\t\t\t\t\t\t<div class=\"elementor-element elementor-element-212224e elementor-widget elementor-widget-google_maps\" data-id=\"212224e\" data-element_type=\"widget\" data-e-type=\"widget\" data-widget_type=\"google_maps.default\">\n\t\t\t\t\t\t\t<div class=\"elementor-custom-embed\">\n\t\t\t<iframe loading=\"lazy\"\n\t\t\t\t\tsrc=\"https:\/\/maps.google.com\/maps?q=Avinguda%20Central%2C%2075%2C%20Cala%20en%20Porter%2C%20Illes%20Balears%20&#038;t=m&#038;z=11&#038;output=embed&#038;iwloc=near\"\n\t\t\t\t\ttitle=\"Avinguda Central, 75, Cala en Porter, Illes Balears \"\n\t\t\t\t\taria-label=\"Avinguda Central, 75, Cala en Porter, Illes Balears \"\n\t\t\t><\/iframe>\n\t\t<\/div>\n\t\t\t\t\t\t<\/div>\n\t\t\t\t\t<\/div>\n\t\t<\/div>\n\t\t\t\t\t<\/div>\n\t\t<\/section>\n\t\t\t\t<\/div>\n\t\t","protected":false},"excerpt":{"rendered":"<p>Contact Hostal Castell de L\u00f4 &#8211; Cala Porter, Menorca [av_calendar id=1] Hostel in Cala Porter, Menorca At Castell de L\u00f4 we will be delighted to help you and offer you our best service. Avinguda Central, 75, Cala en Porter, Illes Balears reserves@castelldelo.com +34 620 64 00 39 +34 656 857 395<\/p>\n","protected":false},"author":1,"featured_media":0,"parent":0,"menu_order":0,"comment_status":"closed","ping_status":"closed","template":"","meta":{"footnotes":""},"class_list":["post-470","page","type-page","status-publish","hentry"],"yoast_head":"<!-- This site is optimized with the Yoast SEO plugin v27.4 - https:\/\/yoast.com\/product\/yoast-seo-wordpress\/ -->\n<title>Contact Hostal Castell de L\u00f4 - Web oficial mejor precio garantizado<\/title>\n<meta name=\"description\" content=\"En Castell de L\u00f4 estaremos encantados de atenderle para cualquier consulta o duda que tenga, nuestro equipo se pondr\u00e1 en contacto con usted..\" \/>\n<meta name=\"robots\" content=\"index, follow, max-snippet:-1, max-image-preview:large, max-video-preview:-1\" \/>\n<link rel=\"canonical\" href=\"https:\/\/castelldelo.com\/en\/contact-hotel-castell-de-lo\/\" \/>\n<meta property=\"og:locale\" content=\"es_ES\" \/>\n<meta property=\"og:type\" content=\"article\" \/>\n<meta property=\"og:title\" content=\"Contact Hostal Castell de L\u00f4 - Web oficial mejor precio garantizado\" \/>\n<meta property=\"og:description\" content=\"En Castell de L\u00f4 estaremos encantados de atenderle para cualquier consulta o duda que tenga, nuestro equipo se pondr\u00e1 en contacto con usted..\" \/>\n<meta property=\"og:url\" content=\"https:\/\/castelldelo.com\/en\/contact-hotel-castell-de-lo\/\" \/>\n<meta property=\"og:site_name\" content=\"Castell de l\u00f4 Hostel\" \/>\n<meta property=\"article:modified_time\" content=\"2025-02-05T13:40:07+00:00\" \/>\n<meta property=\"og:image\" content=\"https:\/\/castelldelo.com\/wp-content\/uploads\/bimbolla_logo_vertical_verde.png\" \/>\n<meta name=\"twitter:card\" content=\"summary_large_image\" \/>\n<meta name=\"twitter:label1\" content=\"Tiempo de lectura\" \/>\n\t<meta name=\"twitter:data1\" content=\"1 minuto\" \/>\n<script type=\"application\/ld+json\" class=\"yoast-schema-graph\">{\"@context\":\"https:\\\/\\\/schema.org\",\"@graph\":[{\"@type\":\"WebPage\",\"@id\":\"https:\\\/\\\/castelldelo.com\\\/en\\\/contact-hotel-castell-de-lo\\\/\",\"url\":\"https:\\\/\\\/castelldelo.com\\\/en\\\/contact-hotel-castell-de-lo\\\/\",\"name\":\"Contact Hostal Castell de L\u00f4 - Web oficial mejor precio garantizado\",\"isPartOf\":{\"@id\":\"https:\\\/\\\/castelldelo.com\\\/en\\\/#website\"},\"primaryImageOfPage\":{\"@id\":\"https:\\\/\\\/castelldelo.com\\\/en\\\/contact-hotel-castell-de-lo\\\/#primaryimage\"},\"image\":{\"@id\":\"https:\\\/\\\/castelldelo.com\\\/en\\\/contact-hotel-castell-de-lo\\\/#primaryimage\"},\"thumbnailUrl\":\"https:\\\/\\\/castelldelo.com\\\/wp-content\\\/uploads\\\/bimbolla_logo_vertical_verde.png\",\"datePublished\":\"2021-03-30T07:59:18+00:00\",\"dateModified\":\"2025-02-05T13:40:07+00:00\",\"description\":\"En Castell de L\u00f4 estaremos encantados de atenderle para cualquier consulta o duda que tenga, nuestro equipo se pondr\u00e1 en contacto con usted..\",\"breadcrumb\":{\"@id\":\"https:\\\/\\\/castelldelo.com\\\/en\\\/contact-hotel-castell-de-lo\\\/#breadcrumb\"},\"inLanguage\":\"es\",\"potentialAction\":[{\"@type\":\"ReadAction\",\"target\":[\"https:\\\/\\\/castelldelo.com\\\/en\\\/contact-hotel-castell-de-lo\\\/\"]}]},{\"@type\":\"ImageObject\",\"inLanguage\":\"es\",\"@id\":\"https:\\\/\\\/castelldelo.com\\\/en\\\/contact-hotel-castell-de-lo\\\/#primaryimage\",\"url\":\"https:\\\/\\\/castelldelo.com\\\/wp-content\\\/uploads\\\/bimbolla_logo_vertical_verde.png\",\"contentUrl\":\"https:\\\/\\\/castelldelo.com\\\/wp-content\\\/uploads\\\/bimbolla_logo_vertical_verde.png\"},{\"@type\":\"BreadcrumbList\",\"@id\":\"https:\\\/\\\/castelldelo.com\\\/en\\\/contact-hotel-castell-de-lo\\\/#breadcrumb\",\"itemListElement\":[{\"@type\":\"ListItem\",\"position\":1,\"name\":\"Portada\",\"item\":\"https:\\\/\\\/castelldelo.com\\\/en\\\/\"},{\"@type\":\"ListItem\",\"position\":2,\"name\":\"Contact Hostal Castell de L\u00f4\"}]},{\"@type\":\"WebSite\",\"@id\":\"https:\\\/\\\/castelldelo.com\\\/en\\\/#website\",\"url\":\"https:\\\/\\\/castelldelo.com\\\/en\\\/\",\"name\":\"Castell de l\u00f4 Hostel\",\"description\":\"Hostal Castillo en Cala en Porter, Menorca\",\"potentialAction\":[{\"@type\":\"SearchAction\",\"target\":{\"@type\":\"EntryPoint\",\"urlTemplate\":\"https:\\\/\\\/castelldelo.com\\\/en\\\/?s={search_term_string}\"},\"query-input\":{\"@type\":\"PropertyValueSpecification\",\"valueRequired\":true,\"valueName\":\"search_term_string\"}}],\"inLanguage\":\"es\"}]}<\/script>\n<!-- \/ Yoast SEO plugin. -->","yoast_head_json":{"title":"Contact Hostal Castell de L\u00f4 - Web oficial mejor precio garantizado","description":"En Castell de L\u00f4 estaremos encantados de atenderle para cualquier consulta o duda que tenga, nuestro equipo se pondr\u00e1 en contacto con usted..","robots":{"index":"index","follow":"follow","max-snippet":"max-snippet:-1","max-image-preview":"max-image-preview:large","max-video-preview":"max-video-preview:-1"},"canonical":"https:\/\/castelldelo.com\/en\/contact-hotel-castell-de-lo\/","og_locale":"es_ES","og_type":"article","og_title":"Contact Hostal Castell de L\u00f4 - Web oficial mejor precio garantizado","og_description":"En Castell de L\u00f4 estaremos encantados de atenderle para cualquier consulta o duda que tenga, nuestro equipo se pondr\u00e1 en contacto con usted..","og_url":"https:\/\/castelldelo.com\/en\/contact-hotel-castell-de-lo\/","og_site_name":"Castell de l\u00f4 Hostel","article_modified_time":"2025-02-05T13:40:07+00:00","og_image":[{"url":"https:\/\/castelldelo.com\/wp-content\/uploads\/bimbolla_logo_vertical_verde.png","type":"","width":"","height":""}],"twitter_card":"summary_large_image","twitter_misc":{"Tiempo de lectura":"1 minuto"},"schema":{"@context":"https:\/\/schema.org","@graph":[{"@type":"WebPage","@id":"https:\/\/castelldelo.com\/en\/contact-hotel-castell-de-lo\/","url":"https:\/\/castelldelo.com\/en\/contact-hotel-castell-de-lo\/","name":"Contact Hostal Castell de L\u00f4 - Web oficial mejor precio garantizado","isPartOf":{"@id":"https:\/\/castelldelo.com\/en\/#website"},"primaryImageOfPage":{"@id":"https:\/\/castelldelo.com\/en\/contact-hotel-castell-de-lo\/#primaryimage"},"image":{"@id":"https:\/\/castelldelo.com\/en\/contact-hotel-castell-de-lo\/#primaryimage"},"thumbnailUrl":"https:\/\/castelldelo.com\/wp-content\/uploads\/bimbolla_logo_vertical_verde.png","datePublished":"2021-03-30T07:59:18+00:00","dateModified":"2025-02-05T13:40:07+00:00","description":"En Castell de L\u00f4 estaremos encantados de atenderle para cualquier consulta o duda que tenga, nuestro equipo se pondr\u00e1 en contacto con usted..","breadcrumb":{"@id":"https:\/\/castelldelo.com\/en\/contact-hotel-castell-de-lo\/#breadcrumb"},"inLanguage":"es","potentialAction":[{"@type":"ReadAction","target":["https:\/\/castelldelo.com\/en\/contact-hotel-castell-de-lo\/"]}]},{"@type":"ImageObject","inLanguage":"es","@id":"https:\/\/castelldelo.com\/en\/contact-hotel-castell-de-lo\/#primaryimage","url":"https:\/\/castelldelo.com\/wp-content\/uploads\/bimbolla_logo_vertical_verde.png","contentUrl":"https:\/\/castelldelo.com\/wp-content\/uploads\/bimbolla_logo_vertical_verde.png"},{"@type":"BreadcrumbList","@id":"https:\/\/castelldelo.com\/en\/contact-hotel-castell-de-lo\/#breadcrumb","itemListElement":[{"@type":"ListItem","position":1,"name":"Portada","item":"https:\/\/castelldelo.com\/en\/"},{"@type":"ListItem","position":2,"name":"Contact Hostal Castell de L\u00f4"}]},{"@type":"WebSite","@id":"https:\/\/castelldelo.com\/en\/#website","url":"https:\/\/castelldelo.com\/en\/","name":"Castell de l\u00f4 Hostel","description":"Hostal Castillo en Cala en Porter, Menorca","potentialAction":[{"@type":"SearchAction","target":{"@type":"EntryPoint","urlTemplate":"https:\/\/castelldelo.com\/en\/?s={search_term_string}"},"query-input":{"@type":"PropertyValueSpecification","valueRequired":true,"valueName":"search_term_string"}}],"inLanguage":"es"}]}},"_links":{"self":[{"href":"https:\/\/castelldelo.com\/en\/wp-json\/wp\/v2\/pages\/470","targetHints":{"allow":["GET"]}}],"collection":[{"href":"https:\/\/castelldelo.com\/en\/wp-json\/wp\/v2\/pages"}],"about":[{"href":"https:\/\/castelldelo.com\/en\/wp-json\/wp\/v2\/types\/page"}],"author":[{"embeddable":true,"href":"https:\/\/castelldelo.com\/en\/wp-json\/wp\/v2\/users\/1"}],"replies":[{"embeddable":true,"href":"https:\/\/castelldelo.com\/en\/wp-json\/wp\/v2\/comments?post=470"}],"version-history":[{"count":4,"href":"https:\/\/castelldelo.com\/en\/wp-json\/wp\/v2\/pages\/470\/revisions"}],"predecessor-version":[{"id":1319,"href":"https:\/\/castelldelo.com\/en\/wp-json\/wp\/v2\/pages\/470\/revisions\/1319"}],"wp:attachment":[{"href":"https:\/\/castelldelo.com\/en\/wp-json\/wp\/v2\/media?parent=470"}],"curies":[{"name":"wp","href":"https:\/\/api.w.org\/{rel}","templated":true}]}}